{"id":115,"date":"2024-08-10T18:30:31","date_gmt":"2024-08-10T18:30:31","guid":{"rendered":"https:\/\/traxliving.taleemdostforum.com\/?page_id=115"},"modified":"2025-11-26T13:20:44","modified_gmt":"2025-11-26T13:20:44","slug":"financing","status":"publish","type":"page","link":"https:\/\/panterahomes.com\/es\/financing\/","title":{"rendered":"Financiamiento"},"content":{"rendered":"<div data-elementor-type=\"wp-page\" data-elementor-id=\"115\" class=\"elementor elementor-115\" data-elementor-post-type=\"page\">\n\t\t\t\t<div class=\"elementor-element elementor-element-356e64b e-flex e-con-boxed e-con e-parent\" data-id=\"356e64b\" data-element_type=\"container\" data-e-type=\"container\">\n\t\t\t\t\t<div class=\"e-con-inner\">\n\t\t<div class=\"elementor-element elementor-element-05c9a7b e-con-full e-flex e-con e-child\" data-id=\"05c9a7b\" data-element_type=\"container\" data-e-type=\"container\">\n\t\t<div class=\"elementor-element elementor-element-34b123b e-con-full e-flex e-con e-child\" data-id=\"34b123b\" data-element_type=\"container\" data-e-type=\"container\">\n\t\t\t\t<div class=\"elementor-element elementor-element-ff8dc4e animated-slow elementor-invisible elementor-widget elementor-widget-image\" data-id=\"ff8dc4e\" data-element_type=\"widget\" data-e-type=\"widget\" data-settings=\"{&quot;_animation&quot;:&quot;rubberBand&quot;}\" data-widget_type=\"image.default\">\n\t\t\t\t<div class=\"elementor-widget-container\">\n\t\t\t\t\t\t\t\t\t\t\t\t\t\t\t\t<a href=\"https:\/\/panterahomes.com\/es\/\">\n\t\t\t\t\t\t\t<img fetchpriority=\"high\" decoding=\"async\" width=\"346\" height=\"195\" src=\"https:\/\/panterahomes.com\/wp-content\/uploads\/2024\/08\/PanteraLogoVertical-2.png\" class=\"attachment-full size-full wp-image-2275\" alt=\"\" srcset=\"https:\/\/panterahomes.com\/wp-content\/uploads\/2024\/08\/PanteraLogoVertical-2.png 346w, https:\/\/panterahomes.com\/wp-content\/uploads\/2024\/08\/PanteraLogoVertical-2-300x169.png 300w\" sizes=\"(max-width: 346px) 100vw, 346px\" \/>\t\t\t\t\t\t\t\t<\/a>\n\t\t\t\t\t\t\t\t\t\t\t\t\t\t\t<\/div>\n\t\t\t\t<\/div>\n\t\t\t\t<\/div>\n\t\t<div class=\"elementor-element elementor-element-5aca13d e-con-full e-flex e-con e-child\" data-id=\"5aca13d\" data-element_type=\"container\" data-e-type=\"container\">\n\t\t\t\t<div class=\"elementor-element elementor-element-10ac936 eael-hamburger--mobile mobile-menu elementor-hidden-desktop elementor-hidden-tablet eael_simple_menu_hamburger_disable_selected_menu_hide eael-simple-menu-hamburger-align-right elementor-widget elementor-widget-eael-simple-menu\" data-id=\"10ac936\" data-element_type=\"widget\" data-e-type=\"widget\" data-widget_type=\"eael-simple-menu.default\">\n\t\t\t\t<div class=\"elementor-widget-container\">\n\t\t\t\t\t<style>\n                        @media screen and (max-width: 767px) {\n                            .eael-hamburger--mobile {\n                                .eael-simple-menu-horizontal,\n                                .eael-simple-menu-vertical {\n                                    display: none;\n                                }\n                            }\n                            .eael-hamburger--mobile {\n                                .eael-simple-menu-container .eael-simple-menu-toggle {\n                                    display: block;\n                                }\n                            }\n                        }\n                    <\/style>            <div data-hamburger-icon=\"&lt;svg aria-hidden=&quot;true&quot; class=&quot;e-font-icon-svg e-fas-bars&quot; viewBox=&quot;0 0 448 512&quot; xmlns=&quot;http:\/\/www.w3.org\/2000\/svg&quot;&gt;&lt;path d=&quot;M16 132h416c8.837 0 16-7.163 16-16V76c0-8.837-7.163-16-16-16H16C7.163 60 0 67.163 0 76v40c0 8.837 7.163 16 16 16zm0 160h416c8.837 0 16-7.163 16-16v-40c0-8.837-7.163-16-16-16H16c-8.837 0-16 7.163-16 16v40c0 8.837 7.163 16 16 16zm0 160h416c8.837 0 16-7.163 16-16v-40c0-8.837-7.163-16-16-16H16c-8.837 0-16 7.163-16 16v40c0 8.837 7.163 16 16 16z&quot;&gt;&lt;\/path&gt;&lt;\/svg&gt;\" data-indicator-icon=\"&lt;svg aria-hidden=&quot;true&quot; class=&quot;e-font-icon-svg e-fas-angle-down&quot; viewBox=&quot;0 0 320 512&quot; xmlns=&quot;http:\/\/www.w3.org\/2000\/svg&quot;&gt;&lt;path d=&quot;M143 352.3L7 216.3c-9.4-9.4-9.4-24.6 0-33.9l22.6-22.6c9.4-9.4 24.6-9.4 33.9 0l96.4 96.4 96.4-96.4c9.4-9.4 24.6-9.4 33.9 0l22.6 22.6c9.4 9.4 9.4 24.6 0 33.9l-136 136c-9.2 9.4-24.4 9.4-33.8 0z&quot;&gt;&lt;\/path&gt;&lt;\/svg&gt;\" data-dropdown-indicator-icon=\"&lt;svg class=&quot;e-font-icon-svg e-fas-angle-down&quot; viewBox=&quot;0 0 320 512&quot; xmlns=&quot;http:\/\/www.w3.org\/2000\/svg&quot;&gt;&lt;path d=&quot;M143 352.3L7 216.3c-9.4-9.4-9.4-24.6 0-33.9l22.6-22.6c9.4-9.4 24.6-9.4 33.9 0l96.4 96.4 96.4-96.4c9.4-9.4 24.6-9.4 33.9 0l22.6 22.6c9.4 9.4 9.4 24.6 0 33.9l-136 136c-9.2 9.4-24.4 9.4-33.8 0z&quot;&gt;&lt;\/path&gt;&lt;\/svg&gt;\" class=\"eael-simple-menu-container eael-simple-menu-align-center eael-simple-menu--stretch eael-simple-menu-dropdown-align-center preset-1\" data-hamburger-breakpoints=\"{&quot;mobile&quot;:&quot;M\\u00f3vil vertical (&gt; 767px)&quot;,&quot;tablet&quot;:&quot;Tableta vertical (&gt; 1024px)&quot;,&quot;desktop&quot;:&quot;Escritorio (&gt; 2400px)&quot;,&quot;none&quot;:&quot;Ninguno&quot;}\" data-hamburger-device=\"mobile\">\n                <ul id=\"menu-mobile-menu\" class=\"eael-simple-menu eael-simple-menu-dropdown-animate-to-top eael-simple-menu-indicator eael-hamburger-left eael-simple-menu-horizontal\"><li id=\"menu-item-1913\" class=\"menu-item menu-item-type-post_type menu-item-object-page menu-item-home menu-item-1913\"><a href=\"https:\/\/panterahomes.com\/es\/\">Inicio<\/a><\/li>\n<li id=\"menu-item-913\" class=\"menu-item menu-item-type-post_type menu-item-object-page menu-item-913\"><a href=\"https:\/\/panterahomes.com\/es\/our-houses\/\">Nuestras Casas<\/a><\/li>\n<li id=\"menu-item-912\" class=\"menu-item menu-item-type-post_type menu-item-object-page menu-item-912\"><a href=\"https:\/\/panterahomes.com\/es\/about-us\/\">Sobre Nosotros<\/a><\/li>\n<li id=\"menu-item-911\" class=\"menu-item menu-item-type-post_type menu-item-object-page menu-item-911\"><a href=\"https:\/\/panterahomes.com\/es\/financing\/\">Financiamiento<\/a><\/li>\n<li id=\"menu-item-910\" class=\"menu-item menu-item-type-post_type menu-item-object-page menu-item-910\"><a href=\"https:\/\/panterahomes.com\/es\/contact-us\/\">Cont\u00e1ctanos<\/a><\/li>\n<li id=\"menu-item-909\" class=\"menu-item menu-item-type-post_type menu-item-object-page menu-item-909\"><a href=\"https:\/\/panterahomes.com\/es\/build-on-your-lot\/\">Construye en tu Terreno<\/a><\/li>\n<li id=\"menu-item-908\" class=\"menu-item menu-item-type-post_type menu-item-object-page menu-item-908\"><a href=\"https:\/\/panterahomes.com\/es\/where-we-build\/\">D\u00f3nde Construimos<\/a><\/li>\n<\/ul>                <button class=\"eael-simple-menu-toggle\">\n                    <span class=\"sr-only\">Men\u00fa conmutador hamburguesa<\/span>\n                    <svg aria-hidden=\"true\" class=\"e-font-icon-svg e-fas-bars\" viewbox=\"0 0 448 512\" xmlns=\"http:\/\/www.w3.org\/2000\/svg\"><path d=\"M16 132h416c8.837 0 16-7.163 16-16V76c0-8.837-7.163-16-16-16H16C7.163 60 0 67.163 0 76v40c0 8.837 7.163 16 16 16zm0 160h416c8.837 0 16-7.163 16-16v-40c0-8.837-7.163-16-16-16H16c-8.837 0-16 7.163-16 16v40c0 8.837 7.163 16 16 16zm0 160h416c8.837 0 16-7.163 16-16v-40c0-8.837-7.163-16-16-16H16c-8.837 0-16 7.163-16 16v40c0 8.837 7.163 16 16 16z\"><\/path><\/svg>                <\/button>\n            <\/div>\n            \t\t\t\t<\/div>\n\t\t\t\t<\/div>\n\t\t\t\t<div class=\"elementor-element elementor-element-fb6f176 animated-slow elementor-mobile-align-right elementor-widget-mobile__width-initial elementor-hidden-desktop elementor-hidden-tablet elementor-hidden-mobile elementor-invisible elementor-widget elementor-widget-button\" data-id=\"fb6f176\" data-element_type=\"widget\" data-e-type=\"widget\" data-settings=\"{&quot;_animation&quot;:&quot;fadeIn&quot;,&quot;_animation_delay&quot;:300}\" data-widget_type=\"button.default\">\n\t\t\t\t<div class=\"elementor-widget-container\">\n\t\t\t\t\t\t\t\t\t<div class=\"elementor-button-wrapper\">\n\t\t\t\t\t<a class=\"elementor-button elementor-button-link elementor-size-sm\" href=\"https:\/\/panterahomes.com\/es\/\">\n\t\t\t\t\t\t<span class=\"elementor-button-content-wrapper\">\n\t\t\t\t\t\t\t\t\t<span class=\"elementor-button-text\">Inicio<\/span>\n\t\t\t\t\t<\/span>\n\t\t\t\t\t<\/a>\n\t\t\t\t<\/div>\n\t\t\t\t\t\t\t\t<\/div>\n\t\t\t\t<\/div>\n\t\t\t\t<div class=\"elementor-element elementor-element-a906028 animated-slow elementor-mobile-align-center elementor-widget-mobile__width-initial elementor-hidden-tablet elementor-hidden-mobile elementor-align-right elementor-invisible elementor-widget elementor-widget-button\" data-id=\"a906028\" data-element_type=\"widget\" data-e-type=\"widget\" data-settings=\"{&quot;_animation&quot;:&quot;fadeIn&quot;,&quot;_animation_delay&quot;:300}\" data-widget_type=\"button.default\">\n\t\t\t\t<div class=\"elementor-widget-container\">\n\t\t\t\t\t\t\t\t\t<div class=\"elementor-button-wrapper\">\n\t\t\t\t\t<a class=\"elementor-button elementor-button-link elementor-size-sm\" href=\"https:\/\/panterahomes.com\/es\/\">\n\t\t\t\t\t\t<span class=\"elementor-button-content-wrapper\">\n\t\t\t\t\t\t<span class=\"elementor-button-icon\">\n\t\t\t\t<svg aria-hidden=\"true\" class=\"e-font-icon-svg e-fas-arrow-right\" viewbox=\"0 0 448 512\" xmlns=\"http:\/\/www.w3.org\/2000\/svg\"><path d=\"M190.5 66.9l22.2-22.2c9.4-9.4 24.6-9.4 33.9 0L441 239c9.4 9.4 9.4 24.6 0 33.9L246.6 467.3c-9.4 9.4-24.6 9.4-33.9 0l-22.2-22.2c-9.5-9.5-9.3-25 .4-34.3L311.4 296H24c-13.3 0-24-10.7-24-24v-32c0-13.3 10.7-24 24-24h287.4L190.9 101.2c-9.8-9.3-10-24.8-.4-34.3z\"><\/path><\/svg>\t\t\t<\/span>\n\t\t\t\t\t\t\t\t\t<span class=\"elementor-button-text\">Volver al Inicio<\/span>\n\t\t\t\t\t<\/span>\n\t\t\t\t\t<\/a>\n\t\t\t\t<\/div>\n\t\t\t\t\t\t\t\t<\/div>\n\t\t\t\t<\/div>\n\t\t\t\t<\/div>\n\t\t\t\t<\/div>\n\t\t<div class=\"elementor-element elementor-element-d4ea375 e-con-full e-flex e-con e-child\" data-id=\"d4ea375\" data-element_type=\"container\" data-e-type=\"container\">\n\t\t\t\t<div class=\"elementor-element elementor-element-99bc749 elementor-invisible elementor-widget elementor-widget-heading\" data-id=\"99bc749\" data-element_type=\"widget\" data-e-type=\"widget\" data-settings=\"{&quot;_animation&quot;:&quot;fadeInDown&quot;}\" data-widget_type=\"heading.default\">\n\t\t\t\t<div class=\"elementor-widget-container\">\n\t\t\t\t\t<h2 class=\"elementor-heading-title elementor-size-default\">\nFinanciamiento<\/h2>\t\t\t\t<\/div>\n\t\t\t\t<\/div>\n\t\t\t\t<div class=\"elementor-element elementor-element-e1b2c68 animated-slow elementor-invisible elementor-widget elementor-widget-text-editor\" data-id=\"e1b2c68\" data-element_type=\"widget\" data-e-type=\"widget\" data-settings=\"{&quot;_animation&quot;:&quot;fadeIn&quot;,&quot;_animation_delay&quot;:100}\" data-widget_type=\"text-editor.default\">\n\t\t\t\t<div class=\"elementor-widget-container\">\n\t\t\t\t\t\t\t\t\t<p>Comprar una casa es uno de los logros m\u00e1s importantes de tu vida. \n\"No permitas que la hipoteca opaque tu \u00e9xito. En Pantera Homes, convertimos la complejidad financiera en simplicidad.\n\u00bfC\u00f3mo lo garantizamos? Pantera Homes ha construido alianzas estrat\u00e9gicas con m\u00faltiples instituciones financieras de confianza. Esto significa que, sin importar tu situaci\u00f3n, tenemos acceso a soluciones de financiamiento dise\u00f1adas para decir \"s\u00ed\" cuando otros dicen \"no.\"\nTienes preguntas. Tenemos respuestas.\nTienes dudas. Tenemos soluciones.\nTienes un sue\u00f1o. Nosotros tenemos el camino.\nNo te rindas antes de hablar con nosotros. Tu hogar en Florida te est\u00e1 esperando.<\/p>\t\t\t\t\t\t\t\t<\/div>\n\t\t\t\t<\/div>\n\t\t\t\t<\/div>\n\t\t<div class=\"elementor-element elementor-element-9164e64 e-con-full e-flex e-con e-child\" data-id=\"9164e64\" data-element_type=\"container\" data-e-type=\"container\">\n\t\t\t\t<div class=\"elementor-element elementor-element-08aed9b elementor-invisible elementor-widget elementor-widget-button\" data-id=\"08aed9b\" data-element_type=\"widget\" data-e-type=\"widget\" data-settings=\"{&quot;_animation&quot;:&quot;fadeInUp&quot;}\" data-widget_type=\"button.default\">\n\t\t\t\t<div class=\"elementor-widget-container\">\n\t\t\t\t\t\t\t\t\t<div class=\"elementor-button-wrapper\">\n\t\t\t\t\t<a class=\"elementor-button elementor-button-link elementor-size-sm\" href=\"https:\/\/panterahomes.com\/es\/contact-us\/\">\n\t\t\t\t\t\t<span class=\"elementor-button-content-wrapper\">\n\t\t\t\t\t\t<span class=\"elementor-button-icon\">\n\t\t\t\t<svg aria-hidden=\"true\" class=\"e-font-icon-svg e-fas-arrow-right\" viewbox=\"0 0 448 512\" xmlns=\"http:\/\/www.w3.org\/2000\/svg\"><path d=\"M190.5 66.9l22.2-22.2c9.4-9.4 24.6-9.4 33.9 0L441 239c9.4 9.4 9.4 24.6 0 33.9L246.6 467.3c-9.4 9.4-24.6 9.4-33.9 0l-22.2-22.2c-9.5-9.5-9.3-25 .4-34.3L311.4 296H24c-13.3 0-24-10.7-24-24v-32c0-13.3 10.7-24 24-24h287.4L190.9 101.2c-9.8-9.3-10-24.8-.4-34.3z\"><\/path><\/svg>\t\t\t<\/span>\n\t\t\t\t\t\t\t\t\t<span class=\"elementor-button-text\">Cont\u00e1ctanos<\/span>\n\t\t\t\t\t<\/span>\n\t\t\t\t\t<\/a>\n\t\t\t\t<\/div>\n\t\t\t\t\t\t\t\t<\/div>\n\t\t\t\t<\/div>\n\t\t\t\t<\/div>\n\t\t<div class=\"elementor-element elementor-element-0e58fad e-con-full e-flex e-con e-child\" data-id=\"0e58fad\" data-element_type=\"container\" data-e-type=\"container\">\n\t\t\t\t<div class=\"elementor-element elementor-element-d1db929 eael-infobox-icon-bg-shape-circle elementor-widget__width-initial business-details eael-infobox-content-align--center eael-infobox-icon-hover-bg-shape-none elementor-widget elementor-widget-eael-info-box\" data-id=\"d1db929\" data-element_type=\"widget\" data-e-type=\"widget\" data-widget_type=\"eael-info-box.default\">\n\t\t\t\t<div class=\"elementor-widget-container\">\n\t\t\t\t\t            <a href=\"tel:(407)270-0737\">\n\t            <div class=\"eael-infobox icon-on-top\">\n\t            <div class=\"infobox-icon eael-icon-only\">\n\n            \n                            <div class=\"infobox-icon-wrap\">\n                    <i aria-hidden=\"true\" class=\"icon icon-phone1\"><\/i>                <\/div>\n            \n            \n        <\/div>\n            <div class=\"infobox-content eael-icon-only\">\n                    <div class=\"infobox-title-section\">\n                <div class=\"title\">Tel\u00e9fono<\/div>            <\/div>\n            <div><p><a href=\"tel:(407) 270-0737\">(407) 270-0737<\/a><\/p><\/div>        <\/div>\n            <\/div>\n\n\t\t            <\/a>\n\t\t\t\t\t\t<\/div>\n\t\t\t\t<\/div>\n\t\t\t\t<div class=\"elementor-element elementor-element-9754796 eael-infobox-icon-bg-shape-circle elementor-widget__width-initial business-details eael-infobox-content-align--center eael-infobox-icon-hover-bg-shape-none elementor-widget elementor-widget-eael-info-box\" data-id=\"9754796\" data-element_type=\"widget\" data-e-type=\"widget\" data-widget_type=\"eael-info-box.default\">\n\t\t\t\t<div class=\"elementor-widget-container\">\n\t\t\t\t\t            <a href=\"mailto:welcome@traxinternational.com\">\n\t            <div class=\"eael-infobox icon-on-top\">\n\t            <div class=\"infobox-icon eael-icon-only\">\n\n            \n                            <div class=\"infobox-icon-wrap\">\n                    <svg aria-hidden=\"true\" class=\"e-font-icon-svg e-far-envelope\" viewbox=\"0 0 512 512\" xmlns=\"http:\/\/www.w3.org\/2000\/svg\"><path d=\"M464 64H48C21.49 64 0 85.49 0 112v288c0 26.51 21.49 48 48 48h416c26.51 0 48-21.49 48-48V112c0-26.51-21.49-48-48-48zm0 48v40.805c-22.422 18.259-58.168 46.651-134.587 106.49-16.841 13.247-50.201 45.072-73.413 44.701-23.208.375-56.579-31.459-73.413-44.701C106.18 199.465 70.425 171.067 48 152.805V112h416zM48 400V214.398c22.914 18.251 55.409 43.862 104.938 82.646 21.857 17.205 60.134 55.186 103.062 54.955 42.717.231 80.509-37.199 103.053-54.947 49.528-38.783 82.032-64.401 104.947-82.653V400H48z\"><\/path><\/svg>                <\/div>\n            \n            \n        <\/div>\n            <div class=\"infobox-content eael-icon-only\">\n                    <div class=\"infobox-title-section\">\n                <h2 class=\"title\">Correo Electr\u00f3nico<\/h2>            <\/div>\n            <div><p><a href=\"mailto:info@panterahomes.com\">info@panterahomes.com<\/a><\/p><\/div>        <\/div>\n            <\/div>\n\n\t\t            <\/a>\n\t\t\t\t\t\t<\/div>\n\t\t\t\t<\/div>\n\t\t\t\t<\/div>\n\t\t\t\t\t<\/div>\n\t\t\t\t<\/div>\n\t\t\t\t<\/div>","protected":false},"excerpt":{"rendered":"<p>Home Our Houses About Us Financing Contact Us Where we Build Build on Your Lot Hamburger Toggle Menu Home Back to Home Financing Buying a house is a great accomplishment, and we at Pantera Homes do not want the mortgage process to ruin your experience. We have established great relationships with several different loan institutions [&hellip;]<\/p>","protected":false},"author":1,"featured_media":0,"parent":0,"menu_order":0,"comment_status":"closed","ping_status":"closed","template":"","meta":{"footnotes":""},"class_list":["post-115","page","type-page","status-publish","hentry"],"yoast_head":"<!-- This site is optimized with the Yoast SEO plugin v26.9 - https:\/\/yoast.com\/product\/yoast-seo-wordpress\/ -->\n<title>Financing - Pantera house<\/title>\n<meta name=\"robots\" content=\"noindex, follow, max-snippet:-1, max-image-preview:large, max-video-preview:-1\" \/>\n<meta property=\"og:locale\" content=\"es_ES\" \/>\n<meta property=\"og:type\" content=\"article\" \/>\n<meta property=\"og:title\" content=\"Financing - Pantera house\" \/>\n<meta property=\"og:description\" content=\"Home Our Houses About Us Financing Contact Us Where we Build Build on Your Lot Hamburger Toggle Menu Home Back to Home Financing Buying a house is a great accomplishment, and we at Pantera Homes do not want the mortgage process to ruin your experience. We have established great relationships with several different loan institutions [&hellip;]\" \/>\n<meta property=\"og:url\" content=\"https:\/\/panterahomes.com\/es\/financing\/\" \/>\n<meta property=\"og:site_name\" content=\"Pantera house\" \/>\n<meta property=\"article:modified_time\" content=\"2025-11-26T13:20:44+00:00\" \/>\n<meta property=\"og:image\" content=\"https:\/\/powderblue-mouse-175211.hostingersite.com\/wp-content\/uploads\/2024\/08\/PanteraLogoVertical-2.png\" \/>\n<meta name=\"twitter:card\" content=\"summary_large_image\" \/>\n<meta name=\"twitter:label1\" content=\"Tiempo de lectura\" \/>\n\t<meta name=\"twitter:data1\" content=\"1 minuto\" \/>\n<script type=\"application\/ld+json\" class=\"yoast-schema-graph\">{\"@context\":\"https:\/\/schema.org\",\"@graph\":[{\"@type\":\"WebPage\",\"@id\":\"https:\/\/panterahomes.com\/financing\/\",\"url\":\"https:\/\/panterahomes.com\/financing\/\",\"name\":\"Financing - Pantera house\",\"isPartOf\":{\"@id\":\"https:\/\/panterahomes.com\/#website\"},\"primaryImageOfPage\":{\"@id\":\"https:\/\/panterahomes.com\/financing\/#primaryimage\"},\"image\":{\"@id\":\"https:\/\/panterahomes.com\/financing\/#primaryimage\"},\"thumbnailUrl\":\"https:\/\/powderblue-mouse-175211.hostingersite.com\/wp-content\/uploads\/2024\/08\/PanteraLogoVertical-2.png\",\"datePublished\":\"2024-08-10T18:30:31+00:00\",\"dateModified\":\"2025-11-26T13:20:44+00:00\",\"breadcrumb\":{\"@id\":\"https:\/\/panterahomes.com\/financing\/#breadcrumb\"},\"inLanguage\":\"es\",\"potentialAction\":[{\"@type\":\"ReadAction\",\"target\":[\"https:\/\/panterahomes.com\/financing\/\"]}]},{\"@type\":\"ImageObject\",\"inLanguage\":\"es\",\"@id\":\"https:\/\/panterahomes.com\/financing\/#primaryimage\",\"url\":\"https:\/\/powderblue-mouse-175211.hostingersite.com\/wp-content\/uploads\/2024\/08\/PanteraLogoVertical-2.png\",\"contentUrl\":\"https:\/\/powderblue-mouse-175211.hostingersite.com\/wp-content\/uploads\/2024\/08\/PanteraLogoVertical-2.png\"},{\"@type\":\"BreadcrumbList\",\"@id\":\"https:\/\/panterahomes.com\/financing\/#breadcrumb\",\"itemListElement\":[{\"@type\":\"ListItem\",\"position\":1,\"name\":\"Home\",\"item\":\"https:\/\/panterahomes.com\/\"},{\"@type\":\"ListItem\",\"position\":2,\"name\":\"Financing\"}]},{\"@type\":\"WebSite\",\"@id\":\"https:\/\/panterahomes.com\/#website\",\"url\":\"https:\/\/panterahomes.com\/\",\"name\":\"Pantera house\",\"description\":\"\",\"potentialAction\":[{\"@type\":\"SearchAction\",\"target\":{\"@type\":\"EntryPoint\",\"urlTemplate\":\"https:\/\/panterahomes.com\/?s={search_term_string}\"},\"query-input\":{\"@type\":\"PropertyValueSpecification\",\"valueRequired\":true,\"valueName\":\"search_term_string\"}}],\"inLanguage\":\"es\"}]}<\/script>\n<!-- \/ Yoast SEO plugin. -->","yoast_head_json":{"title":"Financing - Pantera house","robots":{"index":"noindex","follow":"follow","max-snippet":"max-snippet:-1","max-image-preview":"max-image-preview:large","max-video-preview":"max-video-preview:-1"},"og_locale":"es_ES","og_type":"article","og_title":"Financing - Pantera house","og_description":"Home Our Houses About Us Financing Contact Us Where we Build Build on Your Lot Hamburger Toggle Menu Home Back to Home Financing Buying a house is a great accomplishment, and we at Pantera Homes do not want the mortgage process to ruin your experience. We have established great relationships with several different loan institutions [&hellip;]","og_url":"https:\/\/panterahomes.com\/es\/financing\/","og_site_name":"Pantera house","article_modified_time":"2025-11-26T13:20:44+00:00","og_image":[{"url":"https:\/\/powderblue-mouse-175211.hostingersite.com\/wp-content\/uploads\/2024\/08\/PanteraLogoVertical-2.png","type":"","width":"","height":""}],"twitter_card":"summary_large_image","twitter_misc":{"Tiempo de lectura":"1 minuto"},"schema":{"@context":"https:\/\/schema.org","@graph":[{"@type":"WebPage","@id":"https:\/\/panterahomes.com\/financing\/","url":"https:\/\/panterahomes.com\/financing\/","name":"Financing - Pantera house","isPartOf":{"@id":"https:\/\/panterahomes.com\/#website"},"primaryImageOfPage":{"@id":"https:\/\/panterahomes.com\/financing\/#primaryimage"},"image":{"@id":"https:\/\/panterahomes.com\/financing\/#primaryimage"},"thumbnailUrl":"https:\/\/powderblue-mouse-175211.hostingersite.com\/wp-content\/uploads\/2024\/08\/PanteraLogoVertical-2.png","datePublished":"2024-08-10T18:30:31+00:00","dateModified":"2025-11-26T13:20:44+00:00","breadcrumb":{"@id":"https:\/\/panterahomes.com\/financing\/#breadcrumb"},"inLanguage":"es","potentialAction":[{"@type":"ReadAction","target":["https:\/\/panterahomes.com\/financing\/"]}]},{"@type":"ImageObject","inLanguage":"es","@id":"https:\/\/panterahomes.com\/financing\/#primaryimage","url":"https:\/\/powderblue-mouse-175211.hostingersite.com\/wp-content\/uploads\/2024\/08\/PanteraLogoVertical-2.png","contentUrl":"https:\/\/powderblue-mouse-175211.hostingersite.com\/wp-content\/uploads\/2024\/08\/PanteraLogoVertical-2.png"},{"@type":"BreadcrumbList","@id":"https:\/\/panterahomes.com\/financing\/#breadcrumb","itemListElement":[{"@type":"ListItem","position":1,"name":"Home","item":"https:\/\/panterahomes.com\/"},{"@type":"ListItem","position":2,"name":"Financing"}]},{"@type":"WebSite","@id":"https:\/\/panterahomes.com\/#website","url":"https:\/\/panterahomes.com\/","name":"Pantera house","description":"","potentialAction":[{"@type":"SearchAction","target":{"@type":"EntryPoint","urlTemplate":"https:\/\/panterahomes.com\/?s={search_term_string}"},"query-input":{"@type":"PropertyValueSpecification","valueRequired":true,"valueName":"search_term_string"}}],"inLanguage":"es"}]}},"_links":{"self":[{"href":"https:\/\/panterahomes.com\/es\/wp-json\/wp\/v2\/pages\/115","targetHints":{"allow":["GET"]}}],"collection":[{"href":"https:\/\/panterahomes.com\/es\/wp-json\/wp\/v2\/pages"}],"about":[{"href":"https:\/\/panterahomes.com\/es\/wp-json\/wp\/v2\/types\/page"}],"author":[{"embeddable":true,"href":"https:\/\/panterahomes.com\/es\/wp-json\/wp\/v2\/users\/1"}],"replies":[{"embeddable":true,"href":"https:\/\/panterahomes.com\/es\/wp-json\/wp\/v2\/comments?post=115"}],"version-history":[{"count":103,"href":"https:\/\/panterahomes.com\/es\/wp-json\/wp\/v2\/pages\/115\/revisions"}],"predecessor-version":[{"id":2725,"href":"https:\/\/panterahomes.com\/es\/wp-json\/wp\/v2\/pages\/115\/revisions\/2725"}],"wp:attachment":[{"href":"https:\/\/panterahomes.com\/es\/wp-json\/wp\/v2\/media?parent=115"}],"curies":[{"name":"wp","href":"https:\/\/api.w.org\/{rel}","templated":true}]}}